{"id":3124,"date":"2023-07-05T18:05:49","date_gmt":"2023-07-05T23:05:49","guid":{"rendered":"https:\/\/wp.liceoantoniotoledo.com\/?page_id=3124"},"modified":"2023-07-05T18:16:19","modified_gmt":"2023-07-05T23:16:19","slug":"escudo","status":"publish","type":"page","link":"https:\/\/www.liceoantoniotoledo.com\/?page_id=3124","title":{"rendered":"Escudo"},"content":{"rendered":"\t\t<div data-elementor-type=\"wp-page\" data-elementor-id=\"3124\" class=\"elementor elementor-3124\">\n\t\t\t\t\t\t<section class=\"elementor-section elementor-top-section elementor-element elementor-element-071a38d elementor-section-boxed elementor-section-height-default elementor-section-height-default wpr-particle-no wpr-jarallax-no wpr-parallax-no wpr-sticky-section-no\" data-id=\"071a38d\" data-element_type=\"section\">\n\t\t\t\t\t\t<div class=\"elementor-container elementor-column-gap-default\">\n\t\t\t\t\t<div class=\"elementor-column elementor-col-100 elementor-top-column elementor-element elementor-element-7c1632b\" data-id=\"7c1632b\" data-element_type=\"column\">\n\t\t\t<div class=\"elementor-widget-wrap elementor-element-populated\">\n\t\t\t\t\t\t<section class=\"elementor-section elementor-inner-section elementor-element elementor-element-2e2c7b0 elementor-section-boxed elementor-section-height-default elementor-section-height-default wpr-particle-no wpr-jarallax-no wpr-parallax-no wpr-sticky-section-no\" data-id=\"2e2c7b0\" data-element_type=\"section\">\n\t\t\t\t\t\t<div class=\"elementor-container elementor-column-gap-default\">\n\t\t\t\t\t<div class=\"elementor-column elementor-col-50 elementor-inner-column elementor-element elementor-element-57f4ebd\" data-id=\"57f4ebd\" data-element_type=\"column\">\n\t\t\t<div class=\"elementor-widget-wrap elementor-element-populated\">\n\t\t\t\t\t\t<div class=\"elementor-element elementor-element-1e92cf2 elementor-widget elementor-widget-spacer\" data-id=\"1e92cf2\" data-element_type=\"widget\" data-widget_type=\"spacer.default\">\n\t\t\t\t<div class=\"elementor-widget-container\">\n\t\t\t<style>\/*! elementor - v3.20.0 - 26-03-2024 *\/\n.elementor-column .elementor-spacer-inner{height:var(--spacer-size)}.e-con{--container-widget-width:100%}.e-con-inner>.elementor-widget-spacer,.e-con>.elementor-widget-spacer{width:var(--container-widget-width,var(--spacer-size));--align-self:var(--container-widget-align-self,initial);--flex-shrink:0}.e-con-inner>.elementor-widget-spacer>.elementor-widget-container,.e-con>.elementor-widget-spacer>.elementor-widget-container{height:100%;width:100%}.e-con-inner>.elementor-widget-spacer>.elementor-widget-container>.elementor-spacer,.e-con>.elementor-widget-spacer>.elementor-widget-container>.elementor-spacer{height:100%}.e-con-inner>.elementor-widget-spacer>.elementor-widget-container>.elementor-spacer>.elementor-spacer-inner,.e-con>.elementor-widget-spacer>.elementor-widget-container>.elementor-spacer>.elementor-spacer-inner{height:var(--container-widget-height,var(--spacer-size))}.e-con-inner>.elementor-widget-spacer.elementor-widget-empty,.e-con>.elementor-widget-spacer.elementor-widget-empty{position:relative;min-height:22px;min-width:22px}.e-con-inner>.elementor-widget-spacer.elementor-widget-empty .elementor-widget-empty-icon,.e-con>.elementor-widget-spacer.elementor-widget-empty .elementor-widget-empty-icon{position:absolute;top:0;bottom:0;left:0;right:0;margin:auto;padding:0;width:22px;height:22px}<\/style>\t\t<div class=\"elementor-spacer\">\n\t\t\t<div class=\"elementor-spacer-inner\"><\/div>\n\t\t<\/div>\n\t\t\t\t<\/div>\n\t\t\t\t<\/div>\n\t\t\t\t<div class=\"elementor-element elementor-element-d409718 elementor-widget elementor-widget-image\" data-id=\"d409718\" data-element_type=\"widget\" data-widget_type=\"image.default\">\n\t\t\t\t<div class=\"elementor-widget-container\">\n\t\t\t<style>\/*! elementor - v3.20.0 - 26-03-2024 *\/\n.elementor-widget-image{text-align:center}.elementor-widget-image a{display:inline-block}.elementor-widget-image a img[src$=\".svg\"]{width:48px}.elementor-widget-image img{vertical-align:middle;display:inline-block}<\/style>\t\t\t\t\t\t\t\t\t\t<img fetchpriority=\"high\" decoding=\"async\" width=\"480\" height=\"643\" src=\"https:\/\/www.liceoantoniotoledo.com\/wp-content\/uploads\/2023\/07\/logo-liceo.png\" class=\"attachment-large size-large wp-image-3126\" alt=\"\" srcset=\"https:\/\/www.liceoantoniotoledo.com\/wp-content\/uploads\/2023\/07\/logo-liceo.png 480w, https:\/\/www.liceoantoniotoledo.com\/wp-content\/uploads\/2023\/07\/logo-liceo-224x300.png 224w\" sizes=\"(max-width: 480px) 100vw, 480px\" \/>\t\t\t\t\t\t\t\t\t\t\t\t\t<\/div>\n\t\t\t\t<\/div>\n\t\t\t\t\t<\/div>\n\t\t<\/div>\n\t\t\t\t<div class=\"elementor-column elementor-col-50 elementor-inner-column elementor-element elementor-element-f12165b\" data-id=\"f12165b\" data-element_type=\"column\">\n\t\t\t<div class=\"elementor-widget-wrap elementor-element-populated\">\n\t\t\t\t\t\t<div class=\"elementor-element elementor-element-698e332 elementor-widget elementor-widget-text-editor\" data-id=\"698e332\" data-element_type=\"widget\" data-widget_type=\"text-editor.default\">\n\t\t\t\t<div class=\"elementor-widget-container\">\n\t\t\t<style>\/*! elementor - v3.20.0 - 26-03-2024 *\/\n.elementor-widget-text-editor.elementor-drop-cap-view-stacked .elementor-drop-cap{background-color:#69727d;color:#fff}.elementor-widget-text-editor.elementor-drop-cap-view-framed .elementor-drop-cap{color:#69727d;border:3px solid;background-color:transparent}.elementor-widget-text-editor:not(.elementor-drop-cap-view-default) .elementor-drop-cap{margin-top:8px}.elementor-widget-text-editor:not(.elementor-drop-cap-view-default) .elementor-drop-cap-letter{width:1em;height:1em}.elementor-widget-text-editor .elementor-drop-cap{float:left;text-align:center;line-height:1;font-size:50px}.elementor-widget-text-editor .elementor-drop-cap-letter{display:inline-block}<\/style>\t\t\t\t<p class=\"MsoNormal\" style=\"font-size: 19px; margin-bottom: 10px; color: #6f6f6f; font-family: Sniglet, sans-serif; text-align: left;\"><span lang=\"ES\" style=\"color: #262626; font-family: 'Dosis';\">Esta elaborado en anagrama de nuestro colegio L.A.T., entrelazadas la L y la T en forma de cruz. Del final de la primera letra, se desprende una llama de color amarillo y rojo. En la margen izquierda aparece el lema de nuestra instituci\u00f3n: \u201cRectitud y Progreso\u201d y en la parte superior \u201cDios y Patria en color oro.\u201d<\/span><\/p><p class=\"MsoNormal\" style=\"font-size: 19px; margin-bottom: 10px; color: #6f6f6f; font-family: Sniglet, sans-serif; text-align: left;\"><span lang=\"ES\" style=\"color: #262626; font-family: 'Dosis';\">En cuanto a los colores, el azul, igual que la bandera, simboliza trascendencia, infinitud, desaf\u00edo, profundidad y sue\u00f1os de libertad. El cielo y el mar son inmensidades que invitan a caminar, a navegar, a vivir en permanente actividad. El azul, profundo, es llamado a buscar otras esferas m\u00e1s ricas de dimensiones variadas. El joven y el ni\u00f1o toledista, tienen la certeza de su \u201cYo Sagrado\u201d, algo que bulle dentro de \u00e9l y la da sentido a su existir, val\u00eda a su proceder y lo empuja a volar alto.<\/span><\/p><p class=\"MsoNormal\" style=\"font-size: 19px; margin-bottom: 10px; color: #6f6f6f; font-family: Sniglet, sans-serif; text-align: left;\"><span lang=\"ES\" style=\"color: #262626; font-family: 'Dosis';\">Las letras entrelazadas de color blanco, significan: uni\u00f3n, corresponsabilidad, tareas compartidas. Entrelazarse en forma de cruz es la conciencia de nuestra religiosidad. Como cristianos seguidores de Jes\u00fas, queremos transformar el mundo, unidos en el amor. El blanco es pureza e inocencia, rectitud de intenci\u00f3n, convicciones profundas y transparentes.<\/span><\/p><p class=\"MsoNormal\" style=\"font-size: 19px; margin-bottom: 10px; color: #6f6f6f; font-family: Sniglet, sans-serif; text-align: left;\"><span lang=\"ES\" style=\"color: #262626; font-family: 'Dosis';\">Como la llama, ha de ser nuestra vida, fuego siempre ardiendo, faro que marca los derroteros y se\u00f1ala el punto de llegada. La llama es la luz que ilumina los senderos por los que transcurrimos.<\/span><\/p><p class=\"MsoNormal\" style=\"font-size: 19px; margin-bottom: 10px; color: #6f6f6f; font-family: Sniglet, sans-serif; text-align: left;\"><span style=\"color: #262626; font-family: 'Dosis';\">Amarillo y oro son riqueza, c\u00famulo de posibilidades, brillo no ef\u00edmero ni falaz, sino fruto del verdadero ser interior y del aut\u00e9ntico valor. Rojo es pertenencia, como la sangre que vivifica, crea lazos, unifica. Rojo es combatividad, esfuerzo y sacrificio. La llama es fuego que ilumina y calienta, hoguera que re\u00fane y convoca al di\u00e1logo y la amistad. Como la llama a de ser nuestra vida, fuego siempre ardiendo, faro que marca los derroteros y se\u00f1ala el punto de llegada.<\/span><\/p>\t\t\t\t\t\t<\/div>\n\t\t\t\t<\/div>\n\t\t\t\t\t<\/div>\n\t\t<\/div>\n\t\t\t\t\t<\/div>\n\t\t<\/section>\n\t\t\t\t\t<\/div>\n\t\t<\/div>\n\t\t\t\t\t<\/div>\n\t\t<\/section>\n\t\t\t\t<section class=\"elementor-section elementor-top-section elementor-element elementor-element-4e388ad elementor-section-boxed elementor-section-height-default elementor-section-height-default wpr-particle-no wpr-jarallax-no wpr-parallax-no wpr-sticky-section-no\" data-id=\"4e388ad\" data-element_type=\"section\">\n\t\t\t\t\t\t<div class=\"elementor-container elementor-column-gap-default\">\n\t\t\t\t\t<div class=\"elementor-column elementor-col-100 elementor-top-column elementor-element elementor-element-52b1ac2\" data-id=\"52b1ac2\" data-element_type=\"column\">\n\t\t\t<div class=\"elementor-widget-wrap\">\n\t\t\t\t\t\t\t<\/div>\n\t\t<\/div>\n\t\t\t\t\t<\/div>\n\t\t<\/section>\n\t\t\t\t<\/div>\n\t\t","protected":false},"excerpt":{"rendered":"<p>Esta elaborado en anagrama de nuestro colegio L.A.T., entrelazadas la L y la T en forma de cruz. Del final de la primera letra, se desprende una llama de color amarillo y rojo. En la margen izquierda aparece el lema de nuestra instituci\u00f3n: \u201cRectitud y Progreso\u201d y en la parte superior \u201cDios y Patria en color oro.\u201d En cuanto a los colores, el azul, igual que la bandera, simboliza trascendencia, infinitud, desaf\u00edo, profundidad y sue\u00f1os de libertad. El cielo y el mar son inmensidades que invitan a caminar, a navegar, a vivir en permanente actividad. El azul, profundo, es llamado a buscar otras esferas m\u00e1s ricas de dimensiones variadas. El joven y el ni\u00f1o toledista, tienen la certeza de su \u201cYo Sagrado\u201d, algo que bulle dentro de \u00e9l y la da sentido a su existir, val\u00eda a su proceder y lo empuja a volar alto. Las letras entrelazadas de color blanco, significan: uni\u00f3n, corresponsabilidad, tareas compartidas. Entrelazarse en forma de cruz es la conciencia de nuestra religiosidad. Como cristianos seguidores de Jes\u00fas, queremos transformar el mundo, unidos en el amor. El blanco es pureza e inocencia, rectitud de intenci\u00f3n, convicciones profundas y transparentes. Como la llama, ha de ser nuestra vida, fuego siempre ardiendo, faro que marca los derroteros y se\u00f1ala el punto de llegada. La llama es la luz que ilumina los senderos por los que transcurrimos. Amarillo y oro son riqueza, c\u00famulo de posibilidades, brillo no ef\u00edmero ni falaz, sino fruto del verdadero ser interior y del aut\u00e9ntico valor. Rojo es pertenencia, como la sangre que vivifica, crea lazos, unifica. Rojo es combatividad, esfuerzo y sacrificio. La llama es fuego que ilumina y calienta, hoguera que re\u00fane y convoca al di\u00e1logo y la amistad. Como la llama a de ser nuestra vida, fuego siempre ardiendo, faro que marca los derroteros y se\u00f1ala el punto de llegada.<\/p>\n","protected":false},"author":1,"featured_media":0,"parent":0,"menu_order":0,"comment_status":"closed","ping_status":"closed","template":"","meta":{"footnotes":""},"class_list":["post-3124","page","type-page","status-publish","hentry"],"_links":{"self":[{"href":"https:\/\/www.liceoantoniotoledo.com\/index.php?rest_route=\/wp\/v2\/pages\/3124","targetHints":{"allow":["GET"]}}],"collection":[{"href":"https:\/\/www.liceoantoniotoledo.com\/index.php?rest_route=\/wp\/v2\/pages"}],"about":[{"href":"https:\/\/www.liceoantoniotoledo.com\/index.php?rest_route=\/wp\/v2\/types\/page"}],"author":[{"embeddable":true,"href":"https:\/\/www.liceoantoniotoledo.com\/index.php?rest_route=\/wp\/v2\/users\/1"}],"replies":[{"embeddable":true,"href":"https:\/\/www.liceoantoniotoledo.com\/index.php?rest_route=%2Fwp%2Fv2%2Fcomments&post=3124"}],"version-history":[{"count":10,"href":"https:\/\/www.liceoantoniotoledo.com\/index.php?rest_route=\/wp\/v2\/pages\/3124\/revisions"}],"predecessor-version":[{"id":3139,"href":"https:\/\/www.liceoantoniotoledo.com\/index.php?rest_route=\/wp\/v2\/pages\/3124\/revisions\/3139"}],"wp:attachment":[{"href":"https:\/\/www.liceoantoniotoledo.com\/index.php?rest_route=%2Fwp%2Fv2%2Fmedia&parent=3124"}],"curies":[{"name":"wp","href":"https:\/\/api.w.org\/{rel}","templated":true}]}}