{"id":3145,"date":"2023-07-05T18:36:52","date_gmt":"2023-07-05T23:36:52","guid":{"rendered":"https:\/\/wp.liceoantoniotoledo.com\/?page_id=3145"},"modified":"2023-09-20T13:04:54","modified_gmt":"2023-09-20T18:04:54","slug":"bandera","status":"publish","type":"page","link":"https:\/\/www.liceoantoniotoledo.com\/?page_id=3145","title":{"rendered":"Bandera"},"content":{"rendered":"\t\t<div data-elementor-type=\"wp-page\" data-elementor-id=\"3145\" class=\"elementor elementor-3145\">\n\t\t\t\t\t\t<section class=\"elementor-section elementor-top-section elementor-element elementor-element-37c629d elementor-section-boxed elementor-section-height-default elementor-section-height-default wpr-particle-no wpr-jarallax-no wpr-parallax-no wpr-sticky-section-no\" data-id=\"37c629d\" data-element_type=\"section\">\n\t\t\t\t\t\t<div class=\"elementor-container elementor-column-gap-default\">\n\t\t\t\t\t<div class=\"elementor-column elementor-col-100 elementor-top-column elementor-element elementor-element-f44c616\" data-id=\"f44c616\" data-element_type=\"column\">\n\t\t\t<div class=\"elementor-widget-wrap elementor-element-populated\">\n\t\t\t\t\t\t<section class=\"elementor-section elementor-inner-section elementor-element elementor-element-5a09dc4 elementor-section-boxed elementor-section-height-default elementor-section-height-default wpr-particle-no wpr-jarallax-no wpr-parallax-no wpr-sticky-section-no\" data-id=\"5a09dc4\" data-element_type=\"section\">\n\t\t\t\t\t\t<div class=\"elementor-container elementor-column-gap-default\">\n\t\t\t\t\t<div class=\"elementor-column elementor-col-50 elementor-inner-column elementor-element elementor-element-2121f45\" data-id=\"2121f45\" data-element_type=\"column\">\n\t\t\t<div class=\"elementor-widget-wrap elementor-element-populated\">\n\t\t\t\t\t\t<div class=\"elementor-element elementor-element-a44dc0e elementor-widget elementor-widget-image\" data-id=\"a44dc0e\" data-element_type=\"widget\" data-widget_type=\"image.default\">\n\t\t\t\t<div class=\"elementor-widget-container\">\n\t\t\t<style>\/*! elementor - v3.20.0 - 26-03-2024 *\/\n.elementor-widget-image{text-align:center}.elementor-widget-image a{display:inline-block}.elementor-widget-image a img[src$=\".svg\"]{width:48px}.elementor-widget-image img{vertical-align:middle;display:inline-block}<\/style>\t\t\t\t\t\t\t\t\t\t<img decoding=\"async\" src=\"https:\/\/www.liceoantoniotoledo.com\/wp-content\/uploads\/elementor\/thumbs\/BANDERA-LICEO-qd3gjlxqp3r6ojyiyr4tggpj0l6lv5an965inegg2g.png\" title=\"BANDERA-LICEO\" alt=\"BANDERA-LICEO\" loading=\"lazy\" \/>\t\t\t\t\t\t\t\t\t\t\t\t\t<\/div>\n\t\t\t\t<\/div>\n\t\t\t\t\t<\/div>\n\t\t<\/div>\n\t\t\t\t<div class=\"elementor-column elementor-col-50 elementor-inner-column elementor-element elementor-element-9ac6dbb\" data-id=\"9ac6dbb\" data-element_type=\"column\">\n\t\t\t<div class=\"elementor-widget-wrap elementor-element-populated\">\n\t\t\t\t\t\t<div class=\"elementor-element elementor-element-651f656 elementor-widget elementor-widget-text-editor\" data-id=\"651f656\" data-element_type=\"widget\" data-widget_type=\"text-editor.default\">\n\t\t\t\t<div class=\"elementor-widget-container\">\n\t\t\t<style>\/*! elementor - v3.20.0 - 26-03-2024 *\/\n.elementor-widget-text-editor.elementor-drop-cap-view-stacked .elementor-drop-cap{background-color:#69727d;color:#fff}.elementor-widget-text-editor.elementor-drop-cap-view-framed .elementor-drop-cap{color:#69727d;border:3px solid;background-color:transparent}.elementor-widget-text-editor:not(.elementor-drop-cap-view-default) .elementor-drop-cap{margin-top:8px}.elementor-widget-text-editor:not(.elementor-drop-cap-view-default) .elementor-drop-cap-letter{width:1em;height:1em}.elementor-widget-text-editor .elementor-drop-cap{float:left;text-align:center;line-height:1;font-size:50px}.elementor-widget-text-editor .elementor-drop-cap-letter{display:inline-block}<\/style>\t\t\t\t<p style=\"font-size: 19px; margin-bottom: 10px; color: #6f6f6f; font-family: Sniglet, sans-serif; text-align: left;\"><span style=\"font-size: 28px; line-height: 40px; color: #2196f3; text-align: center;\">AZUL:\u00a0<\/span><span lang=\"ES\" style=\"color: #262626; font-family: 'Dosis';\">Es apertura al infinito. Horizonte abierto donde hay espacios para ser conquistados.<\/span><\/p><p class=\"MsoNormal\" style=\"font-size: 19px; margin-bottom: 10px; color: #6f6f6f; font-family: Sniglet, sans-serif; text-align: left;\"><span lang=\"ES\" style=\"color: #262626; font-family: 'Dosis';\">El azul es sue\u00f1o, expectativa, ilusi\u00f3n y esperanza.<\/span><\/p><p class=\"MsoNormal\" style=\"font-size: 19px; margin-bottom: 10px; color: #6f6f6f; font-family: Sniglet, sans-serif; text-align: left;\"><span lang=\"ES\" style=\"color: #262626; font-family: 'Dosis';\">Es el cielo que invita a ser conquistado con el vuelo alto y la decisi\u00f3n responsable. Es cambio, reto,\u00a0 aventura, libertad, decisi\u00f3n. Es el espacio donde Dios habita, con quien debo comunicarme,\u00a0 a quien debo amar y servir, glorificar con mis buenas obras y mi recto proceder.<\/span><\/p><p style=\"font-size: 19px; margin-bottom: 10px; color: #6f6f6f; font-family: Sniglet, sans-serif; text-align: left;\"><span style=\"font-size: 28px; line-height: 40px; color: #2196f3; text-align: center;\">ORO:\u00a0<\/span><span lang=\"ES\" style=\"color: #262626; font-family: 'Dosis';\">Es riqueza. El oro es el metal precioso por excelencia. Es el patr\u00f3n para medir la econom\u00eda. Es la base del progreso. Sin \u00e9l, todo el dinero carece de valor.<\/span><\/p><p class=\"MsoNormal\" style=\"font-size: 19px; margin-bottom: 10px; color: #6f6f6f; font-family: Sniglet, sans-serif; text-align: left;\"><span lang=\"ES\" style=\"color: #262626; font-family: 'Dosis';\">Como el oro, el alumno Toledista ser\u00e1 consciente de su gran riqueza y sus inmensas posibilidades. Sabr\u00e1\u00a0 que ha sido creado como don de amor\u00a0 y que toda la raz\u00f3n de existir, est\u00e1 en el amor. Vivir\u00e1 su existencia de manera libre y fecunda; haciendo uso\u00a0 de su racionalidad\u00a0 para construir su ser y su mundo, de manera comprometida y valiosa. Ser\u00e1 un hombre o mujer comprometida con el progreso, en b\u00fasqueda constante de la perfecci\u00f3n. Al igual que el oro, se purificar\u00e1, en la vivencia constante de\u00a0 su responsabilidad, y en el fuego del sufrimiento, como el oro en el crisol, aprender\u00e1 a dar lo mejor de s\u00ed mismo y a mostrar el genuino rostro\u00a0 del hombre, realizado y feliz, que con Dios y sus semejantes vive en armon\u00eda, enriquece y se enriquece, saborea sus triunfos y hace de su existencia una bella obra de arte.<\/span><\/p>\t\t\t\t\t\t<\/div>\n\t\t\t\t<\/div>\n\t\t\t\t\t<\/div>\n\t\t<\/div>\n\t\t\t\t\t<\/div>\n\t\t<\/section>\n\t\t\t\t\t<\/div>\n\t\t<\/div>\n\t\t\t\t\t<\/div>\n\t\t<\/section>\n\t\t\t\t<\/div>\n\t\t","protected":false},"excerpt":{"rendered":"<p>AZUL:\u00a0Es apertura al infinito. Horizonte abierto donde hay espacios para ser conquistados. El azul es sue\u00f1o, expectativa, ilusi\u00f3n y esperanza. Es el cielo que invita a ser conquistado con el vuelo alto y la decisi\u00f3n responsable. Es cambio, reto,\u00a0 aventura, libertad, decisi\u00f3n. Es el espacio donde Dios habita, con quien debo comunicarme,\u00a0 a quien debo amar y servir, glorificar con mis buenas obras y mi recto proceder. ORO:\u00a0Es riqueza. El oro es el metal precioso por excelencia. Es el patr\u00f3n para medir la econom\u00eda. Es la base del progreso. Sin \u00e9l, todo el dinero carece de valor. Como el oro, el alumno Toledista ser\u00e1 consciente de su gran riqueza y sus inmensas posibilidades. Sabr\u00e1\u00a0 que ha sido creado como don de amor\u00a0 y que toda la raz\u00f3n de existir, est\u00e1 en el amor. Vivir\u00e1 su existencia de manera libre y fecunda; haciendo uso\u00a0 de su racionalidad\u00a0 para construir su ser y su mundo, de manera comprometida y valiosa. Ser\u00e1 un hombre o mujer comprometida con el progreso, en b\u00fasqueda constante de la perfecci\u00f3n. Al igual que el oro, se purificar\u00e1, en la vivencia constante de\u00a0 su responsabilidad, y en el fuego del sufrimiento, como el oro en el crisol, aprender\u00e1 a dar lo mejor de s\u00ed mismo y a mostrar el genuino rostro\u00a0 del hombre, realizado y feliz, que con Dios y sus semejantes vive en armon\u00eda, enriquece y se enriquece, saborea sus triunfos y hace de su existencia una bella obra de arte.<\/p>\n","protected":false},"author":1,"featured_media":0,"parent":0,"menu_order":0,"comment_status":"closed","ping_status":"closed","template":"","meta":{"footnotes":""},"class_list":["post-3145","page","type-page","status-publish","hentry"],"_links":{"self":[{"href":"https:\/\/www.liceoantoniotoledo.com\/index.php?rest_route=\/wp\/v2\/pages\/3145","targetHints":{"allow":["GET"]}}],"collection":[{"href":"https:\/\/www.liceoantoniotoledo.com\/index.php?rest_route=\/wp\/v2\/pages"}],"about":[{"href":"https:\/\/www.liceoantoniotoledo.com\/index.php?rest_route=\/wp\/v2\/types\/page"}],"author":[{"embeddable":true,"href":"https:\/\/www.liceoantoniotoledo.com\/index.php?rest_route=\/wp\/v2\/users\/1"}],"replies":[{"embeddable":true,"href":"https:\/\/www.liceoantoniotoledo.com\/index.php?rest_route=%2Fwp%2Fv2%2Fcomments&post=3145"}],"version-history":[{"count":10,"href":"https:\/\/www.liceoantoniotoledo.com\/index.php?rest_route=\/wp\/v2\/pages\/3145\/revisions"}],"predecessor-version":[{"id":4161,"href":"https:\/\/www.liceoantoniotoledo.com\/index.php?rest_route=\/wp\/v2\/pages\/3145\/revisions\/4161"}],"wp:attachment":[{"href":"https:\/\/www.liceoantoniotoledo.com\/index.php?rest_route=%2Fwp%2Fv2%2Fmedia&parent=3145"}],"curies":[{"name":"wp","href":"https:\/\/api.w.org\/{rel}","templated":true}]}}