{"id":3165,"date":"2023-07-05T21:55:17","date_gmt":"2023-07-06T02:55:17","guid":{"rendered":"https:\/\/wp.liceoantoniotoledo.com\/?page_id=3165"},"modified":"2023-09-19T17:55:23","modified_gmt":"2023-09-19T22:55:23","slug":"el-panda","status":"publish","type":"page","link":"https:\/\/www.liceoantoniotoledo.com\/?page_id=3165","title":{"rendered":"El Panda"},"content":{"rendered":"\t\t<div data-elementor-type=\"wp-page\" data-elementor-id=\"3165\" class=\"elementor elementor-3165\">\n\t\t\t\t\t\t<section class=\"elementor-section elementor-top-section elementor-element elementor-element-3fcb2eb elementor-section-boxed elementor-section-height-default elementor-section-height-default wpr-particle-no wpr-jarallax-no wpr-parallax-no wpr-sticky-section-no\" data-id=\"3fcb2eb\" data-element_type=\"section\">\n\t\t\t\t\t\t<div class=\"elementor-container elementor-column-gap-default\">\n\t\t\t\t\t<div class=\"elementor-column elementor-col-100 elementor-top-column elementor-element elementor-element-0412e2a\" data-id=\"0412e2a\" data-element_type=\"column\">\n\t\t\t<div class=\"elementor-widget-wrap elementor-element-populated\">\n\t\t\t\t\t\t<section class=\"elementor-section elementor-inner-section elementor-element elementor-element-5116103 elementor-section-boxed elementor-section-height-default elementor-section-height-default wpr-particle-no wpr-jarallax-no wpr-parallax-no wpr-sticky-section-no\" data-id=\"5116103\" data-element_type=\"section\">\n\t\t\t\t\t\t<div class=\"elementor-container elementor-column-gap-default\">\n\t\t\t\t\t<div class=\"elementor-column elementor-col-50 elementor-inner-column elementor-element elementor-element-cddbb1e\" data-id=\"cddbb1e\" data-element_type=\"column\">\n\t\t\t<div class=\"elementor-widget-wrap elementor-element-populated\">\n\t\t\t\t\t\t<div class=\"elementor-element elementor-element-ef09a63 elementor-widget elementor-widget-text-editor\" data-id=\"ef09a63\" data-element_type=\"widget\" data-widget_type=\"text-editor.default\">\n\t\t\t\t<div class=\"elementor-widget-container\">\n\t\t\t<style>\/*! elementor - v3.20.0 - 26-03-2024 *\/\n.elementor-widget-text-editor.elementor-drop-cap-view-stacked .elementor-drop-cap{background-color:#69727d;color:#fff}.elementor-widget-text-editor.elementor-drop-cap-view-framed .elementor-drop-cap{color:#69727d;border:3px solid;background-color:transparent}.elementor-widget-text-editor:not(.elementor-drop-cap-view-default) .elementor-drop-cap{margin-top:8px}.elementor-widget-text-editor:not(.elementor-drop-cap-view-default) .elementor-drop-cap-letter{width:1em;height:1em}.elementor-widget-text-editor .elementor-drop-cap{float:left;text-align:center;line-height:1;font-size:50px}.elementor-widget-text-editor .elementor-drop-cap-letter{display:inline-block}<\/style>\t\t\t\t<p>Dentro de la filosof\u00eda de calidad de la instituci\u00f3n, el equipo de gesti\u00f3n de calidad en el a\u00f1o 2008 decidi\u00f3 asumir como imagen de calidad institucional el Panda. La raz\u00f3n fundamental de dicha elecci\u00f3n es que estaba relacionado con el proyecto de convivencia del Toledo denominado Bamb\u00fa.<\/p><p>\u00bfPor qu\u00e9 Bamb\u00fa? Porque el Bamb\u00fa representa la capacidad de las personas de doblarse ante las dificultades sin romperse, para levantarse luego que estas le pasan. De esa capacidad de resistencia nace Panda como un proyecto de calidad que se nutre del Bamb\u00fa y que va dirigido a las personas. Panda en la instituci\u00f3n es sin\u00f3nimo de calidad, y las personas de calidad donde pasan dejan huella. Todo esto es &#8220;porque la calidad no est\u00e1 en v\u00eda de extinci\u00f3n&#8221;. Panda es un proceso mediante el cual la comunidad educativa del LAT busca la formaci\u00f3n integral de sus integrantes a trav\u00e9s de herramientas, metodolog\u00edas y estrategias eficaces en pro de un mejoramiento continuo que genere y permita vivenciar una cultura de calidad.<\/p>\t\t\t\t\t\t<\/div>\n\t\t\t\t<\/div>\n\t\t\t\t\t<\/div>\n\t\t<\/div>\n\t\t\t\t<div class=\"elementor-column elementor-col-50 elementor-inner-column elementor-element elementor-element-e2b2976\" data-id=\"e2b2976\" data-element_type=\"column\">\n\t\t\t<div class=\"elementor-widget-wrap elementor-element-populated\">\n\t\t\t\t\t\t<div class=\"elementor-element elementor-element-f2fa788 elementor-widget elementor-widget-image\" data-id=\"f2fa788\" data-element_type=\"widget\" data-widget_type=\"image.default\">\n\t\t\t\t<div class=\"elementor-widget-container\">\n\t\t\t<style>\/*! elementor - v3.20.0 - 26-03-2024 *\/\n.elementor-widget-image{text-align:center}.elementor-widget-image a{display:inline-block}.elementor-widget-image a img[src$=\".svg\"]{width:48px}.elementor-widget-image img{vertical-align:middle;display:inline-block}<\/style>\t\t\t\t\t\t\t\t\t\t<img decoding=\"async\" src=\"https:\/\/www.liceoantoniotoledo.com\/wp-content\/uploads\/elementor\/thumbs\/PANDA--qd3gjlxq3699vp5skta8y8d9zx5h8zu3fm50egslxg.png\" title=\"PANDA-\" alt=\"PANDA-\" loading=\"lazy\" \/>\t\t\t\t\t\t\t\t\t\t\t\t\t<\/div>\n\t\t\t\t<\/div>\n\t\t\t\t\t<\/div>\n\t\t<\/div>\n\t\t\t\t\t<\/div>\n\t\t<\/section>\n\t\t\t\t\t<\/div>\n\t\t<\/div>\n\t\t\t\t\t<\/div>\n\t\t<\/section>\n\t\t\t\t<\/div>\n\t\t","protected":false},"excerpt":{"rendered":"<p>Dentro de la filosof\u00eda de calidad de la instituci\u00f3n, el equipo de gesti\u00f3n de calidad en el a\u00f1o 2008 decidi\u00f3 asumir como imagen de calidad institucional el Panda. La raz\u00f3n fundamental de dicha elecci\u00f3n es que estaba relacionado con el proyecto de convivencia del Toledo denominado Bamb\u00fa. \u00bfPor qu\u00e9 Bamb\u00fa? Porque el Bamb\u00fa representa la capacidad de las personas de doblarse ante las dificultades sin romperse, para levantarse luego que estas le pasan. De esa capacidad de resistencia nace Panda como un proyecto de calidad que se nutre del Bamb\u00fa y que va dirigido a las personas. Panda en la instituci\u00f3n es sin\u00f3nimo de calidad, y las personas de calidad donde pasan dejan huella. Todo esto es &#8220;porque la calidad no est\u00e1 en v\u00eda de extinci\u00f3n&#8221;. Panda es un proceso mediante el cual la comunidad educativa del LAT busca la formaci\u00f3n integral de sus integrantes a trav\u00e9s de herramientas, metodolog\u00edas y estrategias eficaces en pro de un mejoramiento continuo que genere y permita vivenciar una cultura de calidad.<\/p>\n","protected":false},"author":1,"featured_media":0,"parent":0,"menu_order":0,"comment_status":"closed","ping_status":"closed","template":"","meta":{"footnotes":""},"class_list":["post-3165","page","type-page","status-publish","hentry"],"_links":{"self":[{"href":"https:\/\/www.liceoantoniotoledo.com\/index.php?rest_route=\/wp\/v2\/pages\/3165","targetHints":{"allow":["GET"]}}],"collection":[{"href":"https:\/\/www.liceoantoniotoledo.com\/index.php?rest_route=\/wp\/v2\/pages"}],"about":[{"href":"https:\/\/www.liceoantoniotoledo.com\/index.php?rest_route=\/wp\/v2\/types\/page"}],"author":[{"embeddable":true,"href":"https:\/\/www.liceoantoniotoledo.com\/index.php?rest_route=\/wp\/v2\/users\/1"}],"replies":[{"embeddable":true,"href":"https:\/\/www.liceoantoniotoledo.com\/index.php?rest_route=%2Fwp%2Fv2%2Fcomments&post=3165"}],"version-history":[{"count":10,"href":"https:\/\/www.liceoantoniotoledo.com\/index.php?rest_route=\/wp\/v2\/pages\/3165\/revisions"}],"predecessor-version":[{"id":4106,"href":"https:\/\/www.liceoantoniotoledo.com\/index.php?rest_route=\/wp\/v2\/pages\/3165\/revisions\/4106"}],"wp:attachment":[{"href":"https:\/\/www.liceoantoniotoledo.com\/index.php?rest_route=%2Fwp%2Fv2%2Fmedia&parent=3165"}],"curies":[{"name":"wp","href":"https:\/\/api.w.org\/{rel}","templated":true}]}}