{"id":3174,"date":"2023-07-05T22:14:23","date_gmt":"2023-07-06T03:14:23","guid":{"rendered":"https:\/\/wp.liceoantoniotoledo.com\/?page_id=3174"},"modified":"2023-07-26T14:22:19","modified_gmt":"2023-07-26T19:22:19","slug":"filosofia-y-horizonte-institucional","status":"publish","type":"page","link":"https:\/\/www.liceoantoniotoledo.com\/?page_id=3174","title":{"rendered":"Filosof\u00eda y Horizonte Institucional"},"content":{"rendered":"\t\t<div data-elementor-type=\"wp-page\" data-elementor-id=\"3174\" class=\"elementor elementor-3174\">\n\t\t\t\t\t\t<section class=\"elementor-section elementor-top-section elementor-element elementor-element-fb6bd73 elementor-section-boxed elementor-section-height-default elementor-section-height-default wpr-particle-no wpr-jarallax-no wpr-parallax-no wpr-sticky-section-no\" data-id=\"fb6bd73\" data-element_type=\"section\">\n\t\t\t\t\t\t<div class=\"elementor-container elementor-column-gap-default\">\n\t\t\t\t\t<div class=\"elementor-column elementor-col-100 elementor-top-column elementor-element elementor-element-3ddb48a\" data-id=\"3ddb48a\" data-element_type=\"column\">\n\t\t\t<div class=\"elementor-widget-wrap elementor-element-populated\">\n\t\t\t\t\t\t<section class=\"elementor-section elementor-inner-section elementor-element elementor-element-3bc6276 elementor-section-boxed elementor-section-height-default elementor-section-height-default wpr-particle-no wpr-jarallax-no wpr-parallax-no wpr-sticky-section-no\" data-id=\"3bc6276\" data-element_type=\"section\">\n\t\t\t\t\t\t<div class=\"elementor-container elementor-column-gap-default\">\n\t\t\t\t\t<div class=\"elementor-column elementor-col-50 elementor-inner-column elementor-element elementor-element-a3e2620\" data-id=\"a3e2620\" data-element_type=\"column\">\n\t\t\t<div class=\"elementor-widget-wrap elementor-element-populated\">\n\t\t\t\t\t\t<div class=\"elementor-element elementor-element-4b232e8 elementor-widget elementor-widget-image\" data-id=\"4b232e8\" data-element_type=\"widget\" data-widget_type=\"image.default\">\n\t\t\t\t<div class=\"elementor-widget-container\">\n\t\t\t<style>\/*! elementor - v3.20.0 - 26-03-2024 *\/\n.elementor-widget-image{text-align:center}.elementor-widget-image a{display:inline-block}.elementor-widget-image a img[src$=\".svg\"]{width:48px}.elementor-widget-image img{vertical-align:middle;display:inline-block}<\/style>\t\t\t\t\t\t\t\t\t\t<img fetchpriority=\"high\" decoding=\"async\" width=\"624\" height=\"439\" src=\"https:\/\/www.liceoantoniotoledo.com\/wp-content\/uploads\/2023\/07\/HORIZONTE-2-624x439.png\" class=\"attachment-post-thumbnail size-post-thumbnail wp-image-3642\" alt=\"\" srcset=\"https:\/\/www.liceoantoniotoledo.com\/wp-content\/uploads\/2023\/07\/HORIZONTE-2-624x439.png 624w, https:\/\/www.liceoantoniotoledo.com\/wp-content\/uploads\/2023\/07\/HORIZONTE-2-300x211.png 300w, https:\/\/www.liceoantoniotoledo.com\/wp-content\/uploads\/2023\/07\/HORIZONTE-2-1024x720.png 1024w, https:\/\/www.liceoantoniotoledo.com\/wp-content\/uploads\/2023\/07\/HORIZONTE-2-768x540.png 768w, https:\/\/www.liceoantoniotoledo.com\/wp-content\/uploads\/2023\/07\/HORIZONTE-2-600x422.png 600w, https:\/\/www.liceoantoniotoledo.com\/wp-content\/uploads\/2023\/07\/HORIZONTE-2.png 1419w\" sizes=\"(max-width: 624px) 100vw, 624px\" \/>\t\t\t\t\t\t\t\t\t\t\t\t\t<\/div>\n\t\t\t\t<\/div>\n\t\t\t\t<div class=\"elementor-element elementor-element-1890638 elementor-widget elementor-widget-image\" data-id=\"1890638\" data-element_type=\"widget\" data-widget_type=\"image.default\">\n\t\t\t\t<div class=\"elementor-widget-container\">\n\t\t\t\t\t\t\t\t\t\t\t\t\t<img decoding=\"async\" width=\"624\" height=\"412\" src=\"https:\/\/www.liceoantoniotoledo.com\/wp-content\/uploads\/2023\/07\/HORIZONTE-1-624x412.png\" class=\"attachment-post-thumbnail size-post-thumbnail wp-image-3644\" alt=\"\" srcset=\"https:\/\/www.liceoantoniotoledo.com\/wp-content\/uploads\/2023\/07\/HORIZONTE-1-624x412.png 624w, https:\/\/www.liceoantoniotoledo.com\/wp-content\/uploads\/2023\/07\/HORIZONTE-1-300x198.png 300w, https:\/\/www.liceoantoniotoledo.com\/wp-content\/uploads\/2023\/07\/HORIZONTE-1-1024x676.png 1024w, https:\/\/www.liceoantoniotoledo.com\/wp-content\/uploads\/2023\/07\/HORIZONTE-1-768x507.png 768w, https:\/\/www.liceoantoniotoledo.com\/wp-content\/uploads\/2023\/07\/HORIZONTE-1-1536x1014.png 1536w, https:\/\/www.liceoantoniotoledo.com\/wp-content\/uploads\/2023\/07\/HORIZONTE-1-600x396.png 600w, https:\/\/www.liceoantoniotoledo.com\/wp-content\/uploads\/2023\/07\/HORIZONTE-1.png 1595w\" sizes=\"(max-width: 624px) 100vw, 624px\" \/>\t\t\t\t\t\t\t\t\t\t\t\t\t<\/div>\n\t\t\t\t<\/div>\n\t\t\t\t\t<\/div>\n\t\t<\/div>\n\t\t\t\t<div class=\"elementor-column elementor-col-50 elementor-inner-column elementor-element elementor-element-58b1f8b\" data-id=\"58b1f8b\" data-element_type=\"column\">\n\t\t\t<div class=\"elementor-widget-wrap elementor-element-populated\">\n\t\t\t\t\t\t<div class=\"elementor-element elementor-element-eb79d41 elementor-widget elementor-widget-spacer\" data-id=\"eb79d41\" data-element_type=\"widget\" data-widget_type=\"spacer.default\">\n\t\t\t\t<div class=\"elementor-widget-container\">\n\t\t\t<style>\/*! elementor - v3.20.0 - 26-03-2024 *\/\n.elementor-column .elementor-spacer-inner{height:var(--spacer-size)}.e-con{--container-widget-width:100%}.e-con-inner>.elementor-widget-spacer,.e-con>.elementor-widget-spacer{width:var(--container-widget-width,var(--spacer-size));--align-self:var(--container-widget-align-self,initial);--flex-shrink:0}.e-con-inner>.elementor-widget-spacer>.elementor-widget-container,.e-con>.elementor-widget-spacer>.elementor-widget-container{height:100%;width:100%}.e-con-inner>.elementor-widget-spacer>.elementor-widget-container>.elementor-spacer,.e-con>.elementor-widget-spacer>.elementor-widget-container>.elementor-spacer{height:100%}.e-con-inner>.elementor-widget-spacer>.elementor-widget-container>.elementor-spacer>.elementor-spacer-inner,.e-con>.elementor-widget-spacer>.elementor-widget-container>.elementor-spacer>.elementor-spacer-inner{height:var(--container-widget-height,var(--spacer-size))}.e-con-inner>.elementor-widget-spacer.elementor-widget-empty,.e-con>.elementor-widget-spacer.elementor-widget-empty{position:relative;min-height:22px;min-width:22px}.e-con-inner>.elementor-widget-spacer.elementor-widget-empty .elementor-widget-empty-icon,.e-con>.elementor-widget-spacer.elementor-widget-empty .elementor-widget-empty-icon{position:absolute;top:0;bottom:0;left:0;right:0;margin:auto;padding:0;width:22px;height:22px}<\/style>\t\t<div class=\"elementor-spacer\">\n\t\t\t<div class=\"elementor-spacer-inner\"><\/div>\n\t\t<\/div>\n\t\t\t\t<\/div>\n\t\t\t\t<\/div>\n\t\t\t\t<div class=\"elementor-element elementor-element-f5af261 elementor-widget elementor-widget-text-editor\" data-id=\"f5af261\" data-element_type=\"widget\" data-widget_type=\"text-editor.default\">\n\t\t\t\t<div class=\"elementor-widget-container\">\n\t\t\t<style>\/*! elementor - v3.20.0 - 26-03-2024 *\/\n.elementor-widget-text-editor.elementor-drop-cap-view-stacked .elementor-drop-cap{background-color:#69727d;color:#fff}.elementor-widget-text-editor.elementor-drop-cap-view-framed .elementor-drop-cap{color:#69727d;border:3px solid;background-color:transparent}.elementor-widget-text-editor:not(.elementor-drop-cap-view-default) .elementor-drop-cap{margin-top:8px}.elementor-widget-text-editor:not(.elementor-drop-cap-view-default) .elementor-drop-cap-letter{width:1em;height:1em}.elementor-widget-text-editor .elementor-drop-cap{float:left;text-align:center;line-height:1;font-size:50px}.elementor-widget-text-editor .elementor-drop-cap-letter{display:inline-block}<\/style>\t\t\t\t<p style=\"font-weight: 400;\"><strong><span style=\"color: #1c97ea;\">&#8220;FORJADORES DEL FUTURO&#8221;<\/span><\/strong><strong style=\"font-weight: 400;\">\u00a0\u00a0<\/strong>nombre que lleva nuestro PEI, es la inspiraci\u00f3n, el sue\u00f1o, el ideal y la pr\u00e1ctica de crear hombres y mujeres para el futuro, porque creemos en la esperanza y en la educaci\u00f3n como el medio m\u00e1s efectivo y civilizado de alcanzar la paz, la igualdad, el progreso y la vida.<\/p><p style=\"font-weight: 400;\">Con\u00a0<strong><span style=\"color: #1c97ea;\">&#8220;FORJADORES DEL FUTURO&#8221;<\/span><\/strong>\u00a0se pretenden crear estrategias que permitan organizar, planear, ejecutar y evaluar todos los procesos educativos e institucionales, con el \u00e1nimo de construir un futuro de calidad a trav\u00e9s de la formaci\u00f3n integral, construyendo en valores un esperanzador camino de vida.<\/p><p style=\"font-weight: 400;\">El <strong><span style=\"color: #1c97ea;\">P.E.I.<\/span><\/strong> del Liceo Antonio de Toledo se fundamenta en valores, teniendo en cuenta los principios de Convivencia Social, lo mismo que los de formaci\u00f3n propia del \u00e1rea comercial, a partir de un curr\u00edculo que responda a las necesidades actuales de nuestros estudiantes, permitiendo el libre desarrollo de la personalidad, el uso adecuado del tiempo libre, la sana sexualidad, la conciencia de protecci\u00f3n ecol\u00f3gica, el respeto, la justicia, la solidaridad social, la comprensi\u00f3n y la pr\u00e1ctica de la Constituci\u00f3n Nacional; como la pr\u00e1ctica en el desempe\u00f1o profesional de los elementos adquiridos en la modalidad comercial, mediante el desarrollo del conocimiento critico, anal\u00edtico y propositivo.<\/p>\t\t\t\t\t\t<\/div>\n\t\t\t\t<\/div>\n\t\t\t\t\t<\/div>\n\t\t<\/div>\n\t\t\t\t\t<\/div>\n\t\t<\/section>\n\t\t\t\t\t<\/div>\n\t\t<\/div>\n\t\t\t\t\t<\/div>\n\t\t<\/section>\n\t\t\t\t<\/div>\n\t\t","protected":false},"excerpt":{"rendered":"<p>&#8220;FORJADORES DEL FUTURO&#8221;\u00a0\u00a0nombre que lleva nuestro PEI, es la inspiraci\u00f3n, el sue\u00f1o, el ideal y la pr\u00e1ctica de crear hombres y mujeres para el futuro, porque creemos en la esperanza y en la educaci\u00f3n como el medio m\u00e1s efectivo y civilizado de alcanzar la paz, la igualdad, el progreso y la vida. Con\u00a0&#8220;FORJADORES DEL FUTURO&#8221;\u00a0se pretenden crear estrategias que permitan organizar, planear, ejecutar y evaluar todos los procesos educativos e institucionales, con el \u00e1nimo de construir un futuro de calidad a trav\u00e9s de la formaci\u00f3n integral, construyendo en valores un esperanzador camino de vida. El P.E.I. del Liceo Antonio de Toledo se fundamenta en valores, teniendo en cuenta los principios de Convivencia Social, lo mismo que los de formaci\u00f3n propia del \u00e1rea comercial, a partir de un curr\u00edculo que responda a las necesidades actuales de nuestros estudiantes, permitiendo el libre desarrollo de la personalidad, el uso adecuado del tiempo libre, la sana sexualidad, la conciencia de protecci\u00f3n ecol\u00f3gica, el respeto, la justicia, la solidaridad social, la comprensi\u00f3n y la pr\u00e1ctica de la Constituci\u00f3n Nacional; como la pr\u00e1ctica en el desempe\u00f1o profesional de los elementos adquiridos en la modalidad comercial, mediante el desarrollo del conocimiento critico, anal\u00edtico y propositivo.<\/p>\n","protected":false},"author":1,"featured_media":0,"parent":0,"menu_order":0,"comment_status":"closed","ping_status":"closed","template":"","meta":{"footnotes":""},"class_list":["post-3174","page","type-page","status-publish","hentry"],"_links":{"self":[{"href":"https:\/\/www.liceoantoniotoledo.com\/index.php?rest_route=\/wp\/v2\/pages\/3174","targetHints":{"allow":["GET"]}}],"collection":[{"href":"https:\/\/www.liceoantoniotoledo.com\/index.php?rest_route=\/wp\/v2\/pages"}],"about":[{"href":"https:\/\/www.liceoantoniotoledo.com\/index.php?rest_route=\/wp\/v2\/types\/page"}],"author":[{"embeddable":true,"href":"https:\/\/www.liceoantoniotoledo.com\/index.php?rest_route=\/wp\/v2\/users\/1"}],"replies":[{"embeddable":true,"href":"https:\/\/www.liceoantoniotoledo.com\/index.php?rest_route=%2Fwp%2Fv2%2Fcomments&post=3174"}],"version-history":[{"count":10,"href":"https:\/\/www.liceoantoniotoledo.com\/index.php?rest_route=\/wp\/v2\/pages\/3174\/revisions"}],"predecessor-version":[{"id":3653,"href":"https:\/\/www.liceoantoniotoledo.com\/index.php?rest_route=\/wp\/v2\/pages\/3174\/revisions\/3653"}],"wp:attachment":[{"href":"https:\/\/www.liceoantoniotoledo.com\/index.php?rest_route=%2Fwp%2Fv2%2Fmedia&parent=3174"}],"curies":[{"name":"wp","href":"https:\/\/api.w.org\/{rel}","templated":true}]}}