{"id":4683,"date":"2024-06-17T15:21:05","date_gmt":"2024-06-17T20:21:05","guid":{"rendered":"https:\/\/www.liceoantoniotoledo.com\/?page_id=4683"},"modified":"2024-06-17T15:52:34","modified_gmt":"2024-06-17T20:52:34","slug":"proyecto-mares-semana-de-la-ciencia-un-emocionante-viaje-al-mundo-de-los-insectos-y-el-mar","status":"publish","type":"page","link":"https:\/\/www.liceoantoniotoledo.com\/?page_id=4683","title":{"rendered":"PROYECTO MARES, SEMANA DE LA CIENCIA: \u00a1UN EMOCIONANTE VIAJE AL MUNDO DE LOS INSECTOS Y EL MAR!"},"content":{"rendered":"\t\t<div data-elementor-type=\"wp-page\" data-elementor-id=\"4683\" class=\"elementor elementor-4683\">\n\t\t\t\t\t\t<section class=\"elementor-section elementor-top-section elementor-element elementor-element-633aa5e elementor-section-boxed elementor-section-height-default elementor-section-height-default wpr-particle-no wpr-jarallax-no wpr-parallax-no wpr-sticky-section-no\" data-id=\"633aa5e\" data-element_type=\"section\">\n\t\t\t\t\t\t<div class=\"elementor-container elementor-column-gap-default\">\n\t\t\t\t\t<div class=\"elementor-column elementor-col-100 elementor-top-column elementor-element elementor-element-e93e532\" data-id=\"e93e532\" data-element_type=\"column\">\n\t\t\t<div class=\"elementor-widget-wrap elementor-element-populated\">\n\t\t\t\t\t\t<section class=\"elementor-section elementor-inner-section elementor-element elementor-element-64c4fa4 elementor-section-boxed elementor-section-height-default elementor-section-height-default wpr-particle-no wpr-jarallax-no wpr-parallax-no wpr-sticky-section-no\" data-id=\"64c4fa4\" data-element_type=\"section\">\n\t\t\t\t\t\t<div class=\"elementor-container elementor-column-gap-default\">\n\t\t\t\t\t<div class=\"elementor-column elementor-col-50 elementor-inner-column elementor-element elementor-element-e745c45\" data-id=\"e745c45\" data-element_type=\"column\">\n\t\t\t<div class=\"elementor-widget-wrap elementor-element-populated\">\n\t\t\t\t\t\t<div class=\"elementor-element elementor-element-b134fc8 elementor-widget elementor-widget-text-editor\" data-id=\"b134fc8\" data-element_type=\"widget\" data-widget_type=\"text-editor.default\">\n\t\t\t\t<div class=\"elementor-widget-container\">\n\t\t\t<style>\/*! elementor - v3.20.0 - 26-03-2024 *\/\n.elementor-widget-text-editor.elementor-drop-cap-view-stacked .elementor-drop-cap{background-color:#69727d;color:#fff}.elementor-widget-text-editor.elementor-drop-cap-view-framed .elementor-drop-cap{color:#69727d;border:3px solid;background-color:transparent}.elementor-widget-text-editor:not(.elementor-drop-cap-view-default) .elementor-drop-cap{margin-top:8px}.elementor-widget-text-editor:not(.elementor-drop-cap-view-default) .elementor-drop-cap-letter{width:1em;height:1em}.elementor-widget-text-editor .elementor-drop-cap{float:left;text-align:center;line-height:1;font-size:50px}.elementor-widget-text-editor .elementor-drop-cap-letter{display:inline-block}<\/style>\t\t\t\t<p>El colegio Liceo Antonio De Toledo se visti\u00f3&nbsp;con mucha ilusi\u00f3n y estilo cient\u00edfico&nbsp;para celebrar la Semana de la Ciencia, una semana dedicada a acercar todos los estudiantes, docentes y directivos al&nbsp;fascinante&nbsp;mundo de los insectos y el mar.&nbsp;La comunidad Toledista se sumergi\u00f3 en un viaje de&nbsp;exploraci\u00f3n&nbsp;y&nbsp;aprendizaje a trav\u00e9s de actividades l\u00fadicas, vivenciales y de sensibilizaci\u00f3n.<\/p>\n<p>Una de las actividades m\u00e1s llamativas fue la&nbsp;<strong>Escondidos en la Naturaleza \u201cNo pises ese insecto\u201d<\/strong>, donde estudiantes disfrazados&nbsp;de peque\u00f1os&nbsp;insectos presentaron&nbsp;sus&nbsp;nombres en ingl\u00e9s,&nbsp;su importancia en el&nbsp;medio&nbsp;ambiente, su morfolog\u00eda y&nbsp;nutrici\u00f3n.&nbsp;&nbsp;Cada presentaci\u00f3n estuvo llena de detalles y datos&nbsp;interesantes&nbsp;que&nbsp;despertaron la curiosidad de los asistentes.<\/p>\n<p><strong>El museo&nbsp;itinerante<\/strong>&nbsp;tra\u00eddo por&nbsp;los&nbsp;estudiantes de la Universidad&nbsp;de Pedagog\u00eda&nbsp;fue otro de los grandes atractivos de la semana.&nbsp;Con&nbsp;dos&nbsp;salas, una dedicada&nbsp;a los insectos y&nbsp;otra a la vida marina,&nbsp;el museo ofreci\u00f3 una experiencia interactiva y enriquecedora.&nbsp;A escala&nbsp;de insectos, los estudiantes pudieron observar de cerca ejemplares disecados y&nbsp;vivos y aprender&nbsp;sobre su importancia y&nbsp;caracter\u00edsticas especiales.&nbsp;En el \u00e1rea marina, por&nbsp;su parte, se&nbsp;presentaron&nbsp;diversos&nbsp;ejemplares, lo que dio&nbsp;a los estudiantes&nbsp;la oportunidad de&nbsp;conocer m\u00e1s sobre este fascinante ecosistema.<\/p>\n<p>Los objetivos de la Semana de la Ciencia fueron claros: destacar el papel fundamental de los insectos en la cadena alimentaria y la biodiversidad, promover la investigaci\u00f3n cient\u00edfica para comprender mejor los ecosistemas marinos y terrestres, incluyendo la ecolog\u00eda y el comportamiento de los insectos, y finalmente, sensibilizar a la comunidad sobre la importancia de conservar h\u00e1bitats marinos y terrestres saludables para garantizar la supervivencia de las especies marinas e insectos.<\/p>\n<p>La Semana de la Ciencia fue sin duda un gran \u00e9xito, dejando en el coraz\u00f3n y la mente de los estudiantes la semilla de la curiosidad y el compromiso con la protecci\u00f3n del medio ambiente. A trav\u00e9s de estas experiencias, comprendieron la importancia de los insectos y el mar para mantener el equilibrio del planeta, inculc\u00e1ndoles un profundo respeto por la naturaleza y el deseo de protegerla. &#8220;<strong><em>Porque la calidad no esta en v\u00eda de extinci\u00f3n&#8221;<\/em><\/strong><\/p><p class=\"MsoNormal\" style=\"margin: 0cm 0cm 8pt; line-height: 15.6933px; font-size: 11pt; font-family: Calibri, sans-serif; color: rgb(0, 0, 0);\"><b><i><span style=\"font-family: Arial, sans-serif;\">Lic. ALEJANDRA ALVIS<o:p><\/o:p><\/span><\/i><\/b><\/p><p class=\"MsoNormal\" style=\"margin: 0cm 0cm 8pt; line-height: 15.6933px; font-size: 11pt; font-family: Calibri, sans-serif; color: rgb(0, 0, 0);\"><b><i><span style=\"font-family: Arial, sans-serif;\">Jefe de \u00c1rea Ciencias Naturales<\/span><\/i><\/b><span style=\"font-family: Arial, sans-serif; background-image: initial; background-position: initial; background-size: initial; background-repeat: initial; background-attachment: initial; background-origin: initial; background-clip: initial;\"><o:p><\/o:p><\/span><\/p>\t\t\t\t\t\t<\/div>\n\t\t\t\t<\/div>\n\t\t\t\t\t<\/div>\n\t\t<\/div>\n\t\t\t\t<div class=\"elementor-column elementor-col-50 elementor-inner-column elementor-element elementor-element-595687c\" data-id=\"595687c\" data-element_type=\"column\">\n\t\t\t<div class=\"elementor-widget-wrap elementor-element-populated\">\n\t\t\t\t\t\t<div class=\"elementor-element elementor-element-cb50d41 elementor-widget elementor-widget-image\" data-id=\"cb50d41\" data-element_type=\"widget\" data-widget_type=\"image.default\">\n\t\t\t\t<div class=\"elementor-widget-container\">\n\t\t\t<style>\/*! elementor - v3.20.0 - 26-03-2024 *\/\n.elementor-widget-image{text-align:center}.elementor-widget-image a{display:inline-block}.elementor-widget-image a img[src$=\".svg\"]{width:48px}.elementor-widget-image img{vertical-align:middle;display:inline-block}<\/style>\t\t\t\t\t\t\t\t\t\t<img fetchpriority=\"high\" decoding=\"async\" width=\"625\" height=\"1024\" src=\"https:\/\/www.liceoantoniotoledo.com\/wp-content\/uploads\/2024\/06\/S.CIENCIA-1-625x1024.png\" class=\"attachment-large size-large wp-image-4688\" alt=\"\" srcset=\"https:\/\/www.liceoantoniotoledo.com\/wp-content\/uploads\/2024\/06\/S.CIENCIA-1-625x1024.png 625w, https:\/\/www.liceoantoniotoledo.com\/wp-content\/uploads\/2024\/06\/S.CIENCIA-1-183x300.png 183w, https:\/\/www.liceoantoniotoledo.com\/wp-content\/uploads\/2024\/06\/S.CIENCIA-1-768x1259.png 768w, https:\/\/www.liceoantoniotoledo.com\/wp-content\/uploads\/2024\/06\/S.CIENCIA-1-624x1023.png 624w, https:\/\/www.liceoantoniotoledo.com\/wp-content\/uploads\/2024\/06\/S.CIENCIA-1-600x983.png 600w, https:\/\/www.liceoantoniotoledo.com\/wp-content\/uploads\/2024\/06\/S.CIENCIA-1.png 933w\" sizes=\"(max-width: 625px) 100vw, 625px\" \/>\t\t\t\t\t\t\t\t\t\t\t\t\t<\/div>\n\t\t\t\t<\/div>\n\t\t\t\t<div class=\"elementor-element elementor-element-e59b315 elementor-widget elementor-widget-image\" data-id=\"e59b315\" data-element_type=\"widget\" data-widget_type=\"image.default\">\n\t\t\t\t<div class=\"elementor-widget-container\">\n\t\t\t\t\t\t\t\t\t\t\t\t\t<img decoding=\"async\" width=\"625\" height=\"479\" src=\"https:\/\/www.liceoantoniotoledo.com\/wp-content\/uploads\/2024\/06\/S.CIENCIA-4-1024x785.png\" class=\"attachment-large size-large wp-image-4689\" alt=\"\" srcset=\"https:\/\/www.liceoantoniotoledo.com\/wp-content\/uploads\/2024\/06\/S.CIENCIA-4-1024x785.png 1024w, https:\/\/www.liceoantoniotoledo.com\/wp-content\/uploads\/2024\/06\/S.CIENCIA-4-300x230.png 300w, https:\/\/www.liceoantoniotoledo.com\/wp-content\/uploads\/2024\/06\/S.CIENCIA-4-768x589.png 768w, https:\/\/www.liceoantoniotoledo.com\/wp-content\/uploads\/2024\/06\/S.CIENCIA-4-624x478.png 624w, https:\/\/www.liceoantoniotoledo.com\/wp-content\/uploads\/2024\/06\/S.CIENCIA-4-600x460.png 600w, https:\/\/www.liceoantoniotoledo.com\/wp-content\/uploads\/2024\/06\/S.CIENCIA-4.png 1288w\" sizes=\"(max-width: 625px) 100vw, 625px\" \/>\t\t\t\t\t\t\t\t\t\t\t\t\t<\/div>\n\t\t\t\t<\/div>\n\t\t\t\t\t<\/div>\n\t\t<\/div>\n\t\t\t\t\t<\/div>\n\t\t<\/section>\n\t\t\t\t\t<\/div>\n\t\t<\/div>\n\t\t\t\t\t<\/div>\n\t\t<\/section>\n\t\t\t\t<\/div>\n\t\t","protected":false},"excerpt":{"rendered":"<p>El colegio Liceo Antonio De Toledo se visti\u00f3&nbsp;con mucha ilusi\u00f3n y estilo cient\u00edfico&nbsp;para celebrar la Semana de la Ciencia, una semana dedicada a acercar todos los estudiantes, docentes y directivos al&nbsp;fascinante&nbsp;mundo de los insectos y el mar.&nbsp;La comunidad Toledista se sumergi\u00f3 en un viaje de&nbsp;exploraci\u00f3n&nbsp;y&nbsp;aprendizaje a trav\u00e9s de actividades l\u00fadicas, vivenciales y de sensibilizaci\u00f3n. Una de las actividades m\u00e1s llamativas fue la&nbsp;Escondidos en la Naturaleza \u201cNo pises ese insecto\u201d, donde estudiantes disfrazados&nbsp;de peque\u00f1os&nbsp;insectos presentaron&nbsp;sus&nbsp;nombres en ingl\u00e9s,&nbsp;su importancia en el&nbsp;medio&nbsp;ambiente, su morfolog\u00eda y&nbsp;nutrici\u00f3n.&nbsp;&nbsp;Cada presentaci\u00f3n estuvo llena de detalles y datos&nbsp;interesantes&nbsp;que&nbsp;despertaron la curiosidad de los asistentes. El museo&nbsp;itinerante&nbsp;tra\u00eddo por&nbsp;los&nbsp;estudiantes de la Universidad&nbsp;de Pedagog\u00eda&nbsp;fue otro de los grandes atractivos de la semana.&nbsp;Con&nbsp;dos&nbsp;salas, una dedicada&nbsp;a los insectos y&nbsp;otra a la vida marina,&nbsp;el museo ofreci\u00f3 una experiencia interactiva y enriquecedora.&nbsp;A escala&nbsp;de insectos, los estudiantes pudieron observar de cerca ejemplares disecados y&nbsp;vivos y aprender&nbsp;sobre su importancia y&nbsp;caracter\u00edsticas especiales.&nbsp;En el \u00e1rea marina, por&nbsp;su parte, se&nbsp;presentaron&nbsp;diversos&nbsp;ejemplares, lo que dio&nbsp;a los estudiantes&nbsp;la oportunidad de&nbsp;conocer m\u00e1s sobre este fascinante ecosistema. Los objetivos de la Semana de la Ciencia fueron claros: destacar el papel fundamental de los insectos en la cadena alimentaria y la biodiversidad, promover la investigaci\u00f3n cient\u00edfica para comprender mejor los ecosistemas marinos y terrestres, incluyendo la ecolog\u00eda y el comportamiento de los insectos, y finalmente, sensibilizar a la comunidad sobre la importancia de conservar h\u00e1bitats marinos y terrestres saludables para garantizar la supervivencia de las especies marinas e insectos. La Semana de la Ciencia fue sin duda un gran \u00e9xito, dejando en el coraz\u00f3n y la mente de los estudiantes la semilla de la curiosidad y el compromiso con la protecci\u00f3n del medio ambiente. A trav\u00e9s de estas experiencias, comprendieron la importancia de los insectos y el mar para mantener el equilibrio del planeta, inculc\u00e1ndoles un profundo respeto por la naturaleza y el deseo de protegerla. &#8220;Porque la calidad no esta en v\u00eda de extinci\u00f3n&#8221; Lic. ALEJANDRA ALVIS Jefe de \u00c1rea Ciencias Naturales<\/p>\n","protected":false},"author":1,"featured_media":0,"parent":0,"menu_order":0,"comment_status":"closed","ping_status":"closed","template":"","meta":{"footnotes":""},"class_list":["post-4683","page","type-page","status-publish","hentry"],"_links":{"self":[{"href":"https:\/\/www.liceoantoniotoledo.com\/index.php?rest_route=\/wp\/v2\/pages\/4683","targetHints":{"allow":["GET"]}}],"collection":[{"href":"https:\/\/www.liceoantoniotoledo.com\/index.php?rest_route=\/wp\/v2\/pages"}],"about":[{"href":"https:\/\/www.liceoantoniotoledo.com\/index.php?rest_route=\/wp\/v2\/types\/page"}],"author":[{"embeddable":true,"href":"https:\/\/www.liceoantoniotoledo.com\/index.php?rest_route=\/wp\/v2\/users\/1"}],"replies":[{"embeddable":true,"href":"https:\/\/www.liceoantoniotoledo.com\/index.php?rest_route=%2Fwp%2Fv2%2Fcomments&post=4683"}],"version-history":[{"count":7,"href":"https:\/\/www.liceoantoniotoledo.com\/index.php?rest_route=\/wp\/v2\/pages\/4683\/revisions"}],"predecessor-version":[{"id":4692,"href":"https:\/\/www.liceoantoniotoledo.com\/index.php?rest_route=\/wp\/v2\/pages\/4683\/revisions\/4692"}],"wp:attachment":[{"href":"https:\/\/www.liceoantoniotoledo.com\/index.php?rest_route=%2Fwp%2Fv2%2Fmedia&parent=4683"}],"curies":[{"name":"wp","href":"https:\/\/api.w.org\/{rel}","templated":true}]}}