{"id":4739,"date":"2024-08-29T18:11:36","date_gmt":"2024-08-29T23:11:36","guid":{"rendered":"https:\/\/www.liceoantoniotoledo.com\/?page_id=4739"},"modified":"2024-08-29T18:23:47","modified_gmt":"2024-08-29T23:23:47","slug":"proyecto","status":"publish","type":"page","link":"https:\/\/www.liceoantoniotoledo.com\/?page_id=4739","title":{"rendered":"PROYECTO REPILOS: SEMANA MATEM\u00c1TICA 2024"},"content":{"rendered":"\t\t<div data-elementor-type=\"wp-page\" data-elementor-id=\"4739\" class=\"elementor elementor-4739\">\n\t\t\t\t\t\t<section class=\"elementor-section elementor-top-section elementor-element elementor-element-fb23338 elementor-section-boxed elementor-section-height-default elementor-section-height-default wpr-particle-no wpr-jarallax-no wpr-parallax-no wpr-sticky-section-no\" data-id=\"fb23338\" data-element_type=\"section\">\n\t\t\t\t\t\t<div class=\"elementor-container elementor-column-gap-default\">\n\t\t\t\t\t<div class=\"elementor-column elementor-col-100 elementor-top-column elementor-element elementor-element-d3280d6\" data-id=\"d3280d6\" data-element_type=\"column\">\n\t\t\t<div class=\"elementor-widget-wrap elementor-element-populated\">\n\t\t\t\t\t\t<section class=\"elementor-section elementor-inner-section elementor-element elementor-element-b5041ad elementor-section-boxed elementor-section-height-default elementor-section-height-default wpr-particle-no wpr-jarallax-no wpr-parallax-no wpr-sticky-section-no\" data-id=\"b5041ad\" data-element_type=\"section\">\n\t\t\t\t\t\t<div class=\"elementor-container elementor-column-gap-default\">\n\t\t\t\t\t<div class=\"elementor-column elementor-col-50 elementor-inner-column elementor-element elementor-element-488d85e\" data-id=\"488d85e\" data-element_type=\"column\">\n\t\t\t<div class=\"elementor-widget-wrap elementor-element-populated\">\n\t\t\t\t\t\t<div class=\"elementor-element elementor-element-1cc8351 elementor-widget elementor-widget-text-editor\" data-id=\"1cc8351\" data-element_type=\"widget\" data-widget_type=\"text-editor.default\">\n\t\t\t\t<div class=\"elementor-widget-container\">\n\t\t\t<style>\/*! elementor - v3.20.0 - 26-03-2024 *\/\n.elementor-widget-text-editor.elementor-drop-cap-view-stacked .elementor-drop-cap{background-color:#69727d;color:#fff}.elementor-widget-text-editor.elementor-drop-cap-view-framed .elementor-drop-cap{color:#69727d;border:3px solid;background-color:transparent}.elementor-widget-text-editor:not(.elementor-drop-cap-view-default) .elementor-drop-cap{margin-top:8px}.elementor-widget-text-editor:not(.elementor-drop-cap-view-default) .elementor-drop-cap-letter{width:1em;height:1em}.elementor-widget-text-editor .elementor-drop-cap{float:left;text-align:center;line-height:1;font-size:50px}.elementor-widget-text-editor .elementor-drop-cap-letter{display:inline-block}<\/style>\t\t\t\t<p class=\"MsoNormal\" style=\"margin: 0cm 0cm 8pt; line-height: 15.6933px; font-size: 14pt; font-family: Dosis, sans-serif; color: #000000; text-align: justify;\"><span lang=\"ES-MX\" style=\"font-family: Dosis;\">Durante la Semana de la Matem\u00e1tica, los docentes del \u00e1rea organizamos una serie de actividades con el prop\u00f3sito de crear un entorno de aprendizaje l\u00fadico, atractivo, y enriquecedor para los estudiantes. Una de las actividades principales fue el &#8220;Animaplano&#8221;, un evento dise\u00f1ado para fortalecer el razonamiento l\u00f3gico-matem\u00e1tico de los estudiantes mediante ejercicios enfocados en operaciones b\u00e1sicas como la suma, resta, multiplicaci\u00f3n y divisi\u00f3n.<\/span><\/p>\n<p class=\"MsoNormal\" style=\"margin: 0cm 0cm 8pt; line-height: 15.6933px; font-size: 14pt; font-family: dosis, sans-serif; color: #000000; text-align: justify;\"><span lang=\"ES-MX\" style=\"font-family: Dosis;\">En algunos grados, tambi\u00e9n realizamos una actividad creativa que consisti\u00f3 en la construcci\u00f3n de figuras utilizando la t\u00e9cnica del teselado, que implica la creaci\u00f3n de patrones a partir de la repetici\u00f3n de tri\u00e1ngulos en un plano tridimensional. Asimismo, en otros grados, implementamos el juego del Tangram, donde los estudiantes reprodujeron diversas figuras, como animales, objetos, medios de transporte y personas, usando las siete piezas caracter\u00edsticas del juego. Estas actividades no solo resultaron divertidas, sino que tambi\u00e9n ofrecieron a los estudiantes una oportunidad \u00fanica para desarrollar su pensamiento geom\u00e9trico en un entorno diferente.<\/span><\/p>\n<p class=\"MsoNormal\" style=\"margin: 0cm 0cm 8pt; line-height: 15.6933px; font-size: 14pt; font-family: Aptos, sans-serif; color: #000000; text-align: justify;\"><span lang=\"ES-MX\" style=\"font-family: Dosis;\">Finalmente, organizamos una competencia matem\u00e1tica en la que los estudiantes pusieron a prueba su capacidad de an\u00e1lisis y su habilidad para resolver problemas matem\u00e1ticos, abordando tanto procesos sencillos como complejos. Los estudiantes participaron con gran entusiasmo y demostraron una notable disposici\u00f3n para involucrarse en actividades que les permitieron aplicar y expandir sus conocimientos matem\u00e1ticos de manera innovadora.<\/span><\/p>\n<p class=\"MsoNormal\" style=\"margin: 0cm 0cm 8pt; line-height: 15.6933px; font-size: 14pt; font-family: Aptos, sans-serif; color: #000000; text-align: justify;\"><span lang=\"ES-MX\" style=\"font-family: Dosis;\">\u00b4\u00b4Porque la calidad no esta en v\u00eda de extinci\u00f3n\u00b4\u00b4<\/span><\/p>\n<p class=\"MsoNormal\" style=\"margin: 0cm 0cm 8pt; line-height: 15.6933px; font-size: 12pt; font-family: Dosis, sans-serif; color: #000000; text-align: justify;\"><b><i><span lang=\"ES-MX\">Lic. NATALIA RODRIGUEZ<\/span><\/i><\/b><\/p>\n<p class=\"MsoNormal\" style=\"margin: 0cm 0cm 8pt; line-height: 15.6933px; font-size: 12pt; font-family: Dosis, sans-serif; color: #000000; text-align: justify;\"><b><i><span lang=\"ES-MX\">Jefe de \u00c1rea Matem\u00e1ticas.<\/span><\/i><\/b><\/p>\t\t\t\t\t\t<\/div>\n\t\t\t\t<\/div>\n\t\t\t\t<div class=\"elementor-element elementor-element-1dba2f6 elementor-widget elementor-widget-image\" data-id=\"1dba2f6\" data-element_type=\"widget\" data-widget_type=\"image.default\">\n\t\t\t\t<div class=\"elementor-widget-container\">\n\t\t\t<style>\/*! elementor - v3.20.0 - 26-03-2024 *\/\n.elementor-widget-image{text-align:center}.elementor-widget-image a{display:inline-block}.elementor-widget-image a img[src$=\".svg\"]{width:48px}.elementor-widget-image img{vertical-align:middle;display:inline-block}<\/style>\t\t\t\t\t\t\t\t\t\t<img fetchpriority=\"high\" decoding=\"async\" width=\"625\" height=\"472\" src=\"https:\/\/www.liceoantoniotoledo.com\/wp-content\/uploads\/2024\/08\/3.jpeg\" class=\"attachment-large size-large wp-image-4742\" alt=\"\" srcset=\"https:\/\/www.liceoantoniotoledo.com\/wp-content\/uploads\/2024\/08\/3.jpeg 713w, https:\/\/www.liceoantoniotoledo.com\/wp-content\/uploads\/2024\/08\/3-300x227.jpeg 300w, https:\/\/www.liceoantoniotoledo.com\/wp-content\/uploads\/2024\/08\/3-624x472.jpeg 624w, https:\/\/www.liceoantoniotoledo.com\/wp-content\/uploads\/2024\/08\/3-600x454.jpeg 600w\" sizes=\"(max-width: 625px) 100vw, 625px\" \/>\t\t\t\t\t\t\t\t\t\t\t\t\t<\/div>\n\t\t\t\t<\/div>\n\t\t\t\t\t<\/div>\n\t\t<\/div>\n\t\t\t\t<div class=\"elementor-column elementor-col-50 elementor-inner-column elementor-element elementor-element-a64348a\" data-id=\"a64348a\" data-element_type=\"column\">\n\t\t\t<div class=\"elementor-widget-wrap elementor-element-populated\">\n\t\t\t\t\t\t<div class=\"elementor-element elementor-element-0ecef7c elementor-widget elementor-widget-image\" data-id=\"0ecef7c\" data-element_type=\"widget\" data-widget_type=\"image.default\">\n\t\t\t\t<div class=\"elementor-widget-container\">\n\t\t\t\t\t\t\t\t\t\t\t\t\t<img decoding=\"async\" width=\"625\" height=\"470\" src=\"https:\/\/www.liceoantoniotoledo.com\/wp-content\/uploads\/2024\/08\/1.jpeg\" class=\"attachment-medium_large size-medium_large wp-image-4740\" alt=\"\" srcset=\"https:\/\/www.liceoantoniotoledo.com\/wp-content\/uploads\/2024\/08\/1.jpeg 705w, https:\/\/www.liceoantoniotoledo.com\/wp-content\/uploads\/2024\/08\/1-300x226.jpeg 300w, https:\/\/www.liceoantoniotoledo.com\/wp-content\/uploads\/2024\/08\/1-624x469.jpeg 624w, https:\/\/www.liceoantoniotoledo.com\/wp-content\/uploads\/2024\/08\/1-600x451.jpeg 600w\" sizes=\"(max-width: 625px) 100vw, 625px\" \/>\t\t\t\t\t\t\t\t\t\t\t\t\t<\/div>\n\t\t\t\t<\/div>\n\t\t\t\t<div class=\"elementor-element elementor-element-fdd896a elementor-widget elementor-widget-image\" data-id=\"fdd896a\" data-element_type=\"widget\" data-widget_type=\"image.default\">\n\t\t\t\t<div class=\"elementor-widget-container\">\n\t\t\t\t\t\t\t\t\t\t\t\t\t<img decoding=\"async\" width=\"625\" height=\"615\" src=\"https:\/\/www.liceoantoniotoledo.com\/wp-content\/uploads\/2024\/08\/5.jpeg\" class=\"attachment-large size-large wp-image-4741\" alt=\"\" srcset=\"https:\/\/www.liceoantoniotoledo.com\/wp-content\/uploads\/2024\/08\/5.jpeg 664w, https:\/\/www.liceoantoniotoledo.com\/wp-content\/uploads\/2024\/08\/5-300x295.jpeg 300w, https:\/\/www.liceoantoniotoledo.com\/wp-content\/uploads\/2024\/08\/5-50x50.jpeg 50w, https:\/\/www.liceoantoniotoledo.com\/wp-content\/uploads\/2024\/08\/5-624x614.jpeg 624w, https:\/\/www.liceoantoniotoledo.com\/wp-content\/uploads\/2024\/08\/5-600x590.jpeg 600w\" sizes=\"(max-width: 625px) 100vw, 625px\" \/>\t\t\t\t\t\t\t\t\t\t\t\t\t<\/div>\n\t\t\t\t<\/div>\n\t\t\t\t\t<\/div>\n\t\t<\/div>\n\t\t\t\t\t<\/div>\n\t\t<\/section>\n\t\t\t\t\t<\/div>\n\t\t<\/div>\n\t\t\t\t\t<\/div>\n\t\t<\/section>\n\t\t\t\t<\/div>\n\t\t","protected":false},"excerpt":{"rendered":"<p>Durante la Semana de la Matem\u00e1tica, los docentes del \u00e1rea organizamos una serie de actividades con el prop\u00f3sito de crear un entorno de aprendizaje l\u00fadico, atractivo, y enriquecedor para los estudiantes. Una de las actividades principales fue el &#8220;Animaplano&#8221;, un evento dise\u00f1ado para fortalecer el razonamiento l\u00f3gico-matem\u00e1tico de los estudiantes mediante ejercicios enfocados en operaciones b\u00e1sicas como la suma, resta, multiplicaci\u00f3n y divisi\u00f3n. En algunos grados, tambi\u00e9n realizamos una actividad creativa que consisti\u00f3 en la construcci\u00f3n de figuras utilizando la t\u00e9cnica del teselado, que implica la creaci\u00f3n de patrones a partir de la repetici\u00f3n de tri\u00e1ngulos en un plano tridimensional. Asimismo, en otros grados, implementamos el juego del Tangram, donde los estudiantes reprodujeron diversas figuras, como animales, objetos, medios de transporte y personas, usando las siete piezas caracter\u00edsticas del juego. Estas actividades no solo resultaron divertidas, sino que tambi\u00e9n ofrecieron a los estudiantes una oportunidad \u00fanica para desarrollar su pensamiento geom\u00e9trico en un entorno diferente. Finalmente, organizamos una competencia matem\u00e1tica en la que los estudiantes pusieron a prueba su capacidad de an\u00e1lisis y su habilidad para resolver problemas matem\u00e1ticos, abordando tanto procesos sencillos como complejos. Los estudiantes participaron con gran entusiasmo y demostraron una notable disposici\u00f3n para involucrarse en actividades que les permitieron aplicar y expandir sus conocimientos matem\u00e1ticos de manera innovadora. \u00b4\u00b4Porque la calidad no esta en v\u00eda de extinci\u00f3n\u00b4\u00b4 Lic. NATALIA RODRIGUEZ Jefe de \u00c1rea Matem\u00e1ticas.<\/p>\n","protected":false},"author":1,"featured_media":0,"parent":0,"menu_order":0,"comment_status":"closed","ping_status":"closed","template":"","meta":{"footnotes":""},"class_list":["post-4739","page","type-page","status-publish","hentry"],"_links":{"self":[{"href":"https:\/\/www.liceoantoniotoledo.com\/index.php?rest_route=\/wp\/v2\/pages\/4739","targetHints":{"allow":["GET"]}}],"collection":[{"href":"https:\/\/www.liceoantoniotoledo.com\/index.php?rest_route=\/wp\/v2\/pages"}],"about":[{"href":"https:\/\/www.liceoantoniotoledo.com\/index.php?rest_route=\/wp\/v2\/types\/page"}],"author":[{"embeddable":true,"href":"https:\/\/www.liceoantoniotoledo.com\/index.php?rest_route=\/wp\/v2\/users\/1"}],"replies":[{"embeddable":true,"href":"https:\/\/www.liceoantoniotoledo.com\/index.php?rest_route=%2Fwp%2Fv2%2Fcomments&post=4739"}],"version-history":[{"count":7,"href":"https:\/\/www.liceoantoniotoledo.com\/index.php?rest_route=\/wp\/v2\/pages\/4739\/revisions"}],"predecessor-version":[{"id":4750,"href":"https:\/\/www.liceoantoniotoledo.com\/index.php?rest_route=\/wp\/v2\/pages\/4739\/revisions\/4750"}],"wp:attachment":[{"href":"https:\/\/www.liceoantoniotoledo.com\/index.php?rest_route=%2Fwp%2Fv2%2Fmedia&parent=4739"}],"curies":[{"name":"wp","href":"https:\/\/api.w.org\/{rel}","templated":true}]}}